{"id":1131,"date":"2024-12-02T07:31:25","date_gmt":"2024-12-02T06:31:25","guid":{"rendered":"http:\/\/miraclecandela.com\/services\/"},"modified":"2025-02-05T10:37:28","modified_gmt":"2025-02-05T09:37:28","slug":"fotografia","status":"publish","type":"page","link":"https:\/\/miraclecandela.com\/en\/fotografia\/","title":{"rendered":"Photograph"},"content":{"rendered":"<div data-elementor-type=\"wp-page\" data-elementor-id=\"1131\" class=\"elementor elementor-1131\" data-elementor-post-type=\"page\">\n\t\t\t\t\t\t<section class=\"elementor-section elementor-top-section elementor-element elementor-element-bfba530 elementor-section-height-min-height elementor-section-boxed elementor-section-height-default elementor-section-items-middle\" data-id=\"bfba530\" data-element_type=\"section\" data-settings=\"{&quot;background_background&quot;:&quot;classic&quot;}\">\n\t\t\t\t\t\t\t<div class=\"elementor-background-overlay\"><\/div>\n\t\t\t\t\t\t\t<div class=\"elementor-container elementor-column-gap-no\">\n\t\t\t\t\t<div class=\"elementor-column elementor-col-100 elementor-top-column elementor-element elementor-element-3d89254\" data-id=\"3d89254\" data-element_type=\"column\">\n\t\t\t<div class=\"elementor-widget-wrap elementor-element-populated\">\n\t\t\t\t\t\t<div class=\"elementor-element elementor-element-7e87c3f elementor-widget elementor-widget-qi_addons_for_elementor_section_title\" data-id=\"7e87c3f\" data-element_type=\"widget\" data-widget_type=\"qi_addons_for_elementor_section_title.default\">\n\t\t\t\t<div class=\"elementor-widget-container\">\n\t\t\t\t\t<div class=\"qodef-shortcode qodef-m qodef-qi-section-title qodef-decoration--underline qodef-link--underline-draw qodef-subtitle-icon--left\">\n\t\t\t<h1 class=\"qodef-m-title\">\n\t\t<span class=\"qodef-e-colored\">PHOTOGRAPH<\/span>\t<\/h1>\n\t\t\t\t\t\t<\/div>\n\t\t\t\t<\/div>\n\t\t\t\t<\/div>\n\t\t\t\t\t<\/div>\n\t\t<\/div>\n\t\t\t\t\t<\/div>\n\t\t<\/section>\n\t\t<div class=\"elementor-element elementor-element-650525d3 e-con-full e-flex e-con e-parent\" data-id=\"650525d3\" data-element_type=\"container\" data-settings=\"{&quot;background_background&quot;:&quot;classic&quot;}\">\n\t\t<div class=\"elementor-element elementor-element-7ba4b0fc e-con-full e-flex e-con e-child\" data-id=\"7ba4b0fc\" data-element_type=\"container\">\n\t\t\t\t<div class=\"elementor-element elementor-element-7e01714d uael-img-grid__column-6 uael-img-grid-tablet__column-3 uael-img-grid-mobile__column-2 uael-ins-normal elementor-widget elementor-widget-uael-image-gallery\" data-id=\"7e01714d\" data-element_type=\"widget\" data-settings=\"{&quot;gallery_columns&quot;:&quot;6&quot;,&quot;gallery_columns_tablet&quot;:&quot;3&quot;,&quot;gallery_columns_mobile&quot;:&quot;2&quot;,&quot;column_gap&quot;:{&quot;unit&quot;:&quot;px&quot;,&quot;size&quot;:20,&quot;sizes&quot;:[]},&quot;column_gap_tablet&quot;:{&quot;unit&quot;:&quot;px&quot;,&quot;size&quot;:&quot;&quot;,&quot;sizes&quot;:[]},&quot;column_gap_mobile&quot;:{&quot;unit&quot;:&quot;px&quot;,&quot;size&quot;:&quot;&quot;,&quot;sizes&quot;:[]},&quot;row_gap&quot;:{&quot;unit&quot;:&quot;px&quot;,&quot;size&quot;:20,&quot;sizes&quot;:[]},&quot;row_gap_tablet&quot;:{&quot;unit&quot;:&quot;px&quot;,&quot;size&quot;:&quot;&quot;,&quot;sizes&quot;:[]},&quot;row_gap_mobile&quot;:{&quot;unit&quot;:&quot;px&quot;,&quot;size&quot;:&quot;&quot;,&quot;sizes&quot;:[]},&quot;images_valign&quot;:&quot;flex-start&quot;}\" data-widget_type=\"uael-image-gallery.default\">\n\t\t\t\t<div class=\"elementor-widget-container\">\n\t\t\t\t\t<div class=\"uael-gallery-parent uael-caption- uael-gallery-unjustified\"><div class=\"uael-img-gallery-wrap uael-img-grid-wrap uael-img-grid-masonry-wrap uael-image-lightbox-wrap\" data-filter-default=\"All\" data-lightbox_actions=\"[&quot;close&quot;]\" data-lightbox-gallery-loop=\"\"><div class=\"uael-grid-item  uael-img-gallery-item-1\"><div class=\"uael-grid-item-content\"><a class=\"uael-grid-img uael-grid-gallery-img uael-ins-hover elementor-clickable\" data-fancybox=\"uael-gallery\" href=\"https:\/\/miraclecandela.com\/wp-content\/uploads\/2024\/12\/d66e7f26-004d-4dc4-80d3-78555d191e71.jpg\" data-elementor-open-lightbox=\"no\"><div class=\"uael-grid-img-thumbnail uael-ins-target\"><img fetchpriority=\"high\" decoding=\"async\" width=\"425\" height=\"567\" src=\"https:\/\/miraclecandela.com\/wp-content\/uploads\/2024\/12\/d66e7f26-004d-4dc4-80d3-78555d191e71.jpg\" class=\"attachment-full size-full wp-image-1710\" alt=\"\" srcset=\"https:\/\/miraclecandela.com\/wp-content\/uploads\/2024\/12\/d66e7f26-004d-4dc4-80d3-78555d191e71.jpg 425w, https:\/\/miraclecandela.com\/wp-content\/uploads\/2024\/12\/d66e7f26-004d-4dc4-80d3-78555d191e71-225x300.jpg 225w\" sizes=\"(max-width: 425px) 100vw, 425px\" \/><\/div><div class=\"uael-grid-img-overlay\"><\/div><\/a><\/div><\/div><div class=\"uael-grid-item  uael-img-gallery-item-2\"><div class=\"uael-grid-item-content\"><a class=\"uael-grid-img uael-grid-gallery-img uael-ins-hover elementor-clickable\" data-fancybox=\"uael-gallery\" href=\"https:\/\/miraclecandela.com\/wp-content\/uploads\/2024\/12\/23f5c9df-5fcf-4d4b-8e33-8ebdb2a12cea.jpg\" data-elementor-open-lightbox=\"no\"><div class=\"uael-grid-img-thumbnail uael-ins-target\"><img decoding=\"async\" width=\"425\" height=\"567\" src=\"https:\/\/miraclecandela.com\/wp-content\/uploads\/2024\/12\/23f5c9df-5fcf-4d4b-8e33-8ebdb2a12cea.jpg\" class=\"attachment-full size-full wp-image-1709\" alt=\"\" srcset=\"https:\/\/miraclecandela.com\/wp-content\/uploads\/2024\/12\/23f5c9df-5fcf-4d4b-8e33-8ebdb2a12cea.jpg 425w, https:\/\/miraclecandela.com\/wp-content\/uploads\/2024\/12\/23f5c9df-5fcf-4d4b-8e33-8ebdb2a12cea-225x300.jpg 225w\" sizes=\"(max-width: 425px) 100vw, 425px\" \/><\/div><div class=\"uael-grid-img-overlay\"><\/div><\/a><\/div><\/div><div class=\"uael-grid-item  uael-img-gallery-item-3\"><div class=\"uael-grid-item-content\"><a class=\"uael-grid-img uael-grid-gallery-img uael-ins-hover elementor-clickable\" data-fancybox=\"uael-gallery\" href=\"https:\/\/miraclecandela.com\/wp-content\/uploads\/2024\/12\/12cccda0-08df-48b4-974c-99db73006738.jpg\" data-elementor-open-lightbox=\"no\"><div class=\"uael-grid-img-thumbnail uael-ins-target\"><img decoding=\"async\" width=\"425\" height=\"567\" src=\"https:\/\/miraclecandela.com\/wp-content\/uploads\/2024\/12\/12cccda0-08df-48b4-974c-99db73006738.jpg\" class=\"attachment-full size-full wp-image-1706\" alt=\"\" srcset=\"https:\/\/miraclecandela.com\/wp-content\/uploads\/2024\/12\/12cccda0-08df-48b4-974c-99db73006738.jpg 425w, https:\/\/miraclecandela.com\/wp-content\/uploads\/2024\/12\/12cccda0-08df-48b4-974c-99db73006738-225x300.jpg 225w\" sizes=\"(max-width: 425px) 100vw, 425px\" \/><\/div><div class=\"uael-grid-img-overlay\"><\/div><\/a><\/div><\/div><div class=\"uael-grid-item  uael-img-gallery-item-4\"><div class=\"uael-grid-item-content\"><a class=\"uael-grid-img uael-grid-gallery-img uael-ins-hover elementor-clickable\" data-fancybox=\"uael-gallery\" href=\"https:\/\/miraclecandela.com\/wp-content\/uploads\/2024\/12\/6f5c5ab0-bdf3-422f-a826-39ad4963d7bf.jpg\" data-elementor-open-lightbox=\"no\"><div class=\"uael-grid-img-thumbnail uael-ins-target\"><img loading=\"lazy\" decoding=\"async\" width=\"425\" height=\"567\" src=\"https:\/\/miraclecandela.com\/wp-content\/uploads\/2024\/12\/6f5c5ab0-bdf3-422f-a826-39ad4963d7bf.jpg\" class=\"attachment-full size-full wp-image-1705\" alt=\"\" srcset=\"https:\/\/miraclecandela.com\/wp-content\/uploads\/2024\/12\/6f5c5ab0-bdf3-422f-a826-39ad4963d7bf.jpg 425w, https:\/\/miraclecandela.com\/wp-content\/uploads\/2024\/12\/6f5c5ab0-bdf3-422f-a826-39ad4963d7bf-225x300.jpg 225w\" sizes=\"(max-width: 425px) 100vw, 425px\" \/><\/div><div class=\"uael-grid-img-overlay\"><\/div><\/a><\/div><\/div><div class=\"uael-grid-item  uael-img-gallery-item-5\"><div class=\"uael-grid-item-content\"><a class=\"uael-grid-img uael-grid-gallery-img uael-ins-hover elementor-clickable\" data-fancybox=\"uael-gallery\" href=\"https:\/\/miraclecandela.com\/wp-content\/uploads\/2024\/12\/08d93209-ebec-420d-95b2-81e7c7eeed31_rw_600.jpg\" data-elementor-open-lightbox=\"no\"><div class=\"uael-grid-img-thumbnail uael-ins-target\"><img loading=\"lazy\" decoding=\"async\" width=\"425\" height=\"567\" src=\"https:\/\/miraclecandela.com\/wp-content\/uploads\/2024\/12\/08d93209-ebec-420d-95b2-81e7c7eeed31_rw_600.jpg\" class=\"attachment-full size-full wp-image-1703\" alt=\"\" srcset=\"https:\/\/miraclecandela.com\/wp-content\/uploads\/2024\/12\/08d93209-ebec-420d-95b2-81e7c7eeed31_rw_600.jpg 425w, https:\/\/miraclecandela.com\/wp-content\/uploads\/2024\/12\/08d93209-ebec-420d-95b2-81e7c7eeed31_rw_600-225x300.jpg 225w\" sizes=\"(max-width: 425px) 100vw, 425px\" \/><\/div><div class=\"uael-grid-img-overlay\"><\/div><\/a><\/div><\/div><div class=\"uael-grid-item  uael-img-gallery-item-6\"><div class=\"uael-grid-item-content\"><a class=\"uael-grid-img uael-grid-gallery-img uael-ins-hover elementor-clickable\" data-fancybox=\"uael-gallery\" href=\"https:\/\/miraclecandela.com\/wp-content\/uploads\/2024\/12\/1adbeef7-0a8e-46c5-87b7-d50880b5d777_rw_600.jpg\" data-elementor-open-lightbox=\"no\"><div class=\"uael-grid-img-thumbnail uael-ins-target\"><img loading=\"lazy\" decoding=\"async\" width=\"425\" height=\"567\" src=\"https:\/\/miraclecandela.com\/wp-content\/uploads\/2024\/12\/1adbeef7-0a8e-46c5-87b7-d50880b5d777_rw_600.jpg\" class=\"attachment-full size-full wp-image-1702\" alt=\"\" srcset=\"https:\/\/miraclecandela.com\/wp-content\/uploads\/2024\/12\/1adbeef7-0a8e-46c5-87b7-d50880b5d777_rw_600.jpg 425w, https:\/\/miraclecandela.com\/wp-content\/uploads\/2024\/12\/1adbeef7-0a8e-46c5-87b7-d50880b5d777_rw_600-225x300.jpg 225w\" sizes=\"(max-width: 425px) 100vw, 425px\" \/><\/div><div class=\"uael-grid-img-overlay\"><\/div><\/a><\/div><\/div><div class=\"uael-grid-item  uael-img-gallery-item-7\"><div class=\"uael-grid-item-content\"><a class=\"uael-grid-img uael-grid-gallery-img uael-ins-hover elementor-clickable\" data-fancybox=\"uael-gallery\" href=\"https:\/\/miraclecandela.com\/wp-content\/uploads\/2024\/12\/64801d07-e487-49b2-b583-c1ede8d9c24a_rw_600.jpg\" data-elementor-open-lightbox=\"no\"><div class=\"uael-grid-img-thumbnail uael-ins-target\"><img loading=\"lazy\" decoding=\"async\" width=\"425\" height=\"567\" src=\"https:\/\/miraclecandela.com\/wp-content\/uploads\/2024\/12\/64801d07-e487-49b2-b583-c1ede8d9c24a_rw_600.jpg\" class=\"attachment-full size-full wp-image-1701\" alt=\"\" srcset=\"https:\/\/miraclecandela.com\/wp-content\/uploads\/2024\/12\/64801d07-e487-49b2-b583-c1ede8d9c24a_rw_600.jpg 425w, https:\/\/miraclecandela.com\/wp-content\/uploads\/2024\/12\/64801d07-e487-49b2-b583-c1ede8d9c24a_rw_600-225x300.jpg 225w\" sizes=\"(max-width: 425px) 100vw, 425px\" \/><\/div><div class=\"uael-grid-img-overlay\"><\/div><\/a><\/div><\/div><div class=\"uael-grid-item  uael-img-gallery-item-8\"><div class=\"uael-grid-item-content\"><a class=\"uael-grid-img uael-grid-gallery-img uael-ins-hover elementor-clickable\" data-fancybox=\"uael-gallery\" href=\"https:\/\/miraclecandela.com\/wp-content\/uploads\/2024\/11\/e91c96e7-b607-4973-af5f-a3b77f0106ad_rw_600.jpg\" data-elementor-open-lightbox=\"no\"><div class=\"uael-grid-img-thumbnail uael-ins-target\"><img loading=\"lazy\" decoding=\"async\" width=\"425\" height=\"567\" src=\"https:\/\/miraclecandela.com\/wp-content\/uploads\/2024\/11\/e91c96e7-b607-4973-af5f-a3b77f0106ad_rw_600.jpg\" class=\"attachment-full size-full wp-image-989\" alt=\"\" srcset=\"https:\/\/miraclecandela.com\/wp-content\/uploads\/2024\/11\/e91c96e7-b607-4973-af5f-a3b77f0106ad_rw_600.jpg 425w, https:\/\/miraclecandela.com\/wp-content\/uploads\/2024\/11\/e91c96e7-b607-4973-af5f-a3b77f0106ad_rw_600-225x300.jpg 225w\" sizes=\"(max-width: 425px) 100vw, 425px\" \/><\/div><div class=\"uael-grid-img-overlay\"><\/div><\/a><\/div><\/div><div class=\"uael-grid-item  uael-img-gallery-item-9\"><div class=\"uael-grid-item-content\"><a class=\"uael-grid-img uael-grid-gallery-img uael-ins-hover elementor-clickable\" data-fancybox=\"uael-gallery\" href=\"https:\/\/miraclecandela.com\/wp-content\/uploads\/2024\/12\/2c7591f7-0fa1-4b4b-88dc-cefa8d69a52b.jpg\" data-elementor-open-lightbox=\"no\"><div class=\"uael-grid-img-thumbnail uael-ins-target\"><img loading=\"lazy\" decoding=\"async\" width=\"425\" height=\"567\" src=\"https:\/\/miraclecandela.com\/wp-content\/uploads\/2024\/12\/2c7591f7-0fa1-4b4b-88dc-cefa8d69a52b.jpg\" class=\"attachment-full size-full wp-image-1708\" alt=\"\" srcset=\"https:\/\/miraclecandela.com\/wp-content\/uploads\/2024\/12\/2c7591f7-0fa1-4b4b-88dc-cefa8d69a52b.jpg 425w, https:\/\/miraclecandela.com\/wp-content\/uploads\/2024\/12\/2c7591f7-0fa1-4b4b-88dc-cefa8d69a52b-225x300.jpg 225w\" sizes=\"(max-width: 425px) 100vw, 425px\" \/><\/div><div class=\"uael-grid-img-overlay\"><\/div><\/a><\/div><\/div><div class=\"uael-grid-item  uael-img-gallery-item-10\"><div class=\"uael-grid-item-content\"><a class=\"uael-grid-img uael-grid-gallery-img uael-ins-hover elementor-clickable\" data-fancybox=\"uael-gallery\" href=\"https:\/\/miraclecandela.com\/wp-content\/uploads\/2024\/12\/97041d36-e152-46e7-9b69-2a871ca3bd80.jpg\" data-elementor-open-lightbox=\"no\"><div class=\"uael-grid-img-thumbnail uael-ins-target\"><img loading=\"lazy\" decoding=\"async\" width=\"425\" height=\"567\" src=\"https:\/\/miraclecandela.com\/wp-content\/uploads\/2024\/12\/97041d36-e152-46e7-9b69-2a871ca3bd80.jpg\" class=\"attachment-full size-full wp-image-1707\" alt=\"\" srcset=\"https:\/\/miraclecandela.com\/wp-content\/uploads\/2024\/12\/97041d36-e152-46e7-9b69-2a871ca3bd80.jpg 425w, https:\/\/miraclecandela.com\/wp-content\/uploads\/2024\/12\/97041d36-e152-46e7-9b69-2a871ca3bd80-225x300.jpg 225w\" sizes=\"(max-width: 425px) 100vw, 425px\" \/><\/div><div class=\"uael-grid-img-overlay\"><\/div><\/a><\/div><\/div><div class=\"uael-grid-item  uael-img-gallery-item-11\"><div class=\"uael-grid-item-content\"><a class=\"uael-grid-img uael-grid-gallery-img uael-ins-hover elementor-clickable\" data-fancybox=\"uael-gallery\" href=\"https:\/\/miraclecandela.com\/wp-content\/uploads\/2024\/12\/62dbcb84-3288-4b94-943d-f65df308563c.jpg\" data-elementor-open-lightbox=\"no\"><div class=\"uael-grid-img-thumbnail uael-ins-target\"><img loading=\"lazy\" decoding=\"async\" width=\"425\" height=\"567\" src=\"https:\/\/miraclecandela.com\/wp-content\/uploads\/2024\/12\/62dbcb84-3288-4b94-943d-f65df308563c.jpg\" class=\"attachment-full size-full wp-image-1704\" alt=\"\" srcset=\"https:\/\/miraclecandela.com\/wp-content\/uploads\/2024\/12\/62dbcb84-3288-4b94-943d-f65df308563c.jpg 425w, https:\/\/miraclecandela.com\/wp-content\/uploads\/2024\/12\/62dbcb84-3288-4b94-943d-f65df308563c-225x300.jpg 225w\" sizes=\"(max-width: 425px) 100vw, 425px\" \/><\/div><div class=\"uael-grid-img-overlay\"><\/div><\/a><\/div><\/div><div class=\"uael-grid-item  uael-img-gallery-item-12\"><div class=\"uael-grid-item-content\"><a class=\"uael-grid-img uael-grid-gallery-img uael-ins-hover elementor-clickable\" data-fancybox=\"uael-gallery\" href=\"https:\/\/miraclecandela.com\/wp-content\/uploads\/2024\/12\/1fedad12-37bc-477b-a7ec-b3062513e41f_rw_600.jpg\" data-elementor-open-lightbox=\"no\"><div class=\"uael-grid-img-thumbnail uael-ins-target\"><img loading=\"lazy\" decoding=\"async\" width=\"425\" height=\"567\" src=\"https:\/\/miraclecandela.com\/wp-content\/uploads\/2024\/12\/1fedad12-37bc-477b-a7ec-b3062513e41f_rw_600.jpg\" class=\"attachment-full size-full wp-image-1700\" alt=\"\" srcset=\"https:\/\/miraclecandela.com\/wp-content\/uploads\/2024\/12\/1fedad12-37bc-477b-a7ec-b3062513e41f_rw_600.jpg 425w, https:\/\/miraclecandela.com\/wp-content\/uploads\/2024\/12\/1fedad12-37bc-477b-a7ec-b3062513e41f_rw_600-225x300.jpg 225w\" sizes=\"(max-width: 425px) 100vw, 425px\" \/><\/div><div class=\"uael-grid-img-overlay\"><\/div><\/a><\/div><\/div><\/div><\/div>\t\t\t\t<\/div>\n\t\t\t\t<\/div>\n\t\t\t\t<\/div>\n\t\t\t\t<\/div>\n\t\t<div class=\"elementor-element elementor-element-1dd8058 e-flex e-con-boxed e-con e-parent\" data-id=\"1dd8058\" data-element_type=\"container\" data-settings=\"{&quot;background_background&quot;:&quot;classic&quot;}\">\n\t\t\t\t\t<div class=\"e-con-inner\">\n\t\t<div class=\"elementor-element elementor-element-a293127 e-con-full e-flex e-con e-child\" data-id=\"a293127\" data-element_type=\"container\">\n\t\t\t\t<div class=\"elementor-element elementor-element-46a0fb0 elementor-widget elementor-widget-heading\" data-id=\"46a0fb0\" data-element_type=\"widget\" data-widget_type=\"heading.default\">\n\t\t\t\t<div class=\"elementor-widget-container\">\n\t\t\t\t\t<h3 class=\"elementor-heading-title elementor-size-default\">Photograph<\/h3>\t\t\t\t<\/div>\n\t\t\t\t<\/div>\n\t\t\t\t<div class=\"elementor-element elementor-element-10ad679 elementor-widget elementor-widget-text-editor\" data-id=\"10ad679\" data-element_type=\"widget\" data-widget_type=\"text-editor.default\">\n\t\t\t\t<div class=\"elementor-widget-container\">\n\t\t\t\t\t\t\t\t\t<p>I have extensive experience in <strong>advertising and fashion photography<\/strong>, capturing unique images that stand out for their quality and creativity. I make <strong>Reports<\/strong>, professional books, <strong>art reproductions<\/strong> and services such as <strong>still-photographer<\/strong> in film and audiovisual productions.<\/p><p>My approach is tailored to your specific needs, creating custom projects that reflect your vision and goals.<\/p><p>I work with budgets tailored to each client, guaranteeing exceptional results that connect with your audience and communicate your message effectively and professionally.<\/p>\t\t\t\t\t\t\t\t<\/div>\n\t\t\t\t<\/div>\n\t\t\t\t<\/div>\n\t\t<div class=\"elementor-element elementor-element-b6a859e e-con-full e-flex e-con e-child\" data-id=\"b6a859e\" data-element_type=\"container\">\n\t\t\t\t<div class=\"elementor-element elementor-element-634451e elementor-widget-tablet__width-inherit elementor-widget elementor-widget-image\" data-id=\"634451e\" data-element_type=\"widget\" data-widget_type=\"image.default\">\n\t\t\t\t<div class=\"elementor-widget-container\">\n\t\t\t\t\t\t\t\t\t\t\t\t\t\t\t<img loading=\"lazy\" decoding=\"async\" width=\"567\" height=\"426\" src=\"https:\/\/miraclecandela.com\/wp-content\/uploads\/2024\/12\/5d59b591-7eb9-41b3-85a2-36cad82fb8de.jpg\" class=\"attachment-full size-full wp-image-1323\" alt=\"\" srcset=\"https:\/\/miraclecandela.com\/wp-content\/uploads\/2024\/12\/5d59b591-7eb9-41b3-85a2-36cad82fb8de.jpg 567w, https:\/\/miraclecandela.com\/wp-content\/uploads\/2024\/12\/5d59b591-7eb9-41b3-85a2-36cad82fb8de-300x225.jpg 300w\" sizes=\"(max-width: 567px) 100vw, 567px\" \/>\t\t\t\t\t\t\t\t\t\t\t\t\t\t\t<\/div>\n\t\t\t\t<\/div>\n\t\t\t\t<\/div>\n\t\t\t\t\t<\/div>\n\t\t\t\t<\/div>\n\t\t\t\t<\/div>","protected":false},"excerpt":{"rendered":"<p>FOTOGRAF\u00cdA Fotograf\u00eda Cuento con una amplia trayectoria en fotograf\u00eda publicitaria y de moda, capturando im\u00e1genes \u00fanicas que destacan por su calidad y creatividad. Realizo reportajes, books profesionales, reproducciones de arte y servicios como still-photographer en cine y producciones audiovisuales. Mi enfoque se adapta a tus necesidades espec\u00edficas, creando proyectos personalizados que reflejan tu visi\u00f3n y [&hellip;]<\/p>","protected":false},"author":1,"featured_media":0,"parent":0,"menu_order":0,"comment_status":"closed","ping_status":"closed","template":"","meta":{"site-sidebar-layout":"no-sidebar","site-content-layout":"page-builder","ast-site-content-layout":"full-width-container","site-content-style":"unboxed","site-sidebar-style":"unboxed","ast-global-header-display":"","ast-banner-title-visibility":"","ast-main-header-display":"","ast-hfb-above-header-display":"","ast-hfb-below-header-display":"","ast-hfb-mobile-header-display":"","site-post-title":"disabled","ast-breadcrumbs-content":"","ast-featured-img":"disabled","footer-sml-layout":"","theme-transparent-header-meta":"","adv-header-id-meta":"","stick-header-meta":"","header-above-stick-meta":"","header-main-stick-meta":"","header-below-stick-meta":"","astra-migrate-meta-layouts":"set","ast-page-background-enabled":"default","ast-page-background-meta":{"desktop":{"background-color":"var(--ast-global-color-4)","background-image":"","background-repeat":"repeat","background-position":"center center","background-size":"auto","background-attachment":"scroll","background-type":"","background-media":"","overlay-type":"","overlay-color":"","overlay-opacity":"","overlay-gradient":""},"tablet":{"background-color":"","background-image":"","background-repeat":"repeat","background-position":"center center","background-size":"auto","background-attachment":"scroll","background-type":"","background-media":"","overlay-type":"","overlay-color":"","overlay-opacity":"","overlay-gradient":""},"mobile":{"background-color":"","background-image":"","background-repeat":"repeat","background-position":"center center","background-size":"auto","background-attachment":"scroll","background-type":"","background-media":"","overlay-type":"","overlay-color":"","overlay-opacity":"","overlay-gradient":""}},"ast-content-background-meta":{"desktop":{"background-color":"var(--ast-global-color-5)","background-image":"","background-repeat":"repeat","background-position":"center center","background-size":"auto","background-attachment":"scroll","background-type":"","background-media":"","overlay-type":"","overlay-color":"","overlay-opacity":"","overlay-gradient":""},"tablet":{"background-color":"var(--ast-global-color-5)","background-image":"","background-repeat":"repeat","background-position":"center center","background-size":"auto","background-attachment":"scroll","background-type":"","background-media":"","overlay-type":"","overlay-color":"","overlay-opacity":"","overlay-gradient":""},"mobile":{"background-color":"var(--ast-global-color-5)","background-image":"","background-repeat":"repeat","background-position":"center center","background-size":"auto","background-attachment":"scroll","background-type":"","background-media":"","overlay-type":"","overlay-color":"","overlay-opacity":"","overlay-gradient":""}},"footnotes":""},"class_list":["post-1131","page","type-page","status-publish","hentry"],"_links":{"self":[{"href":"https:\/\/miraclecandela.com\/en\/wp-json\/wp\/v2\/pages\/1131","targetHints":{"allow":["GET"]}}],"collection":[{"href":"https:\/\/miraclecandela.com\/en\/wp-json\/wp\/v2\/pages"}],"about":[{"href":"https:\/\/miraclecandela.com\/en\/wp-json\/wp\/v2\/types\/page"}],"author":[{"embeddable":true,"href":"https:\/\/miraclecandela.com\/en\/wp-json\/wp\/v2\/users\/1"}],"replies":[{"embeddable":true,"href":"https:\/\/miraclecandela.com\/en\/wp-json\/wp\/v2\/comments?post=1131"}],"version-history":[{"count":87,"href":"https:\/\/miraclecandela.com\/en\/wp-json\/wp\/v2\/pages\/1131\/revisions"}],"predecessor-version":[{"id":2392,"href":"https:\/\/miraclecandela.com\/en\/wp-json\/wp\/v2\/pages\/1131\/revisions\/2392"}],"wp:attachment":[{"href":"https:\/\/miraclecandela.com\/en\/wp-json\/wp\/v2\/media?parent=1131"}],"curies":[{"name":"wp","href":"https:\/\/api.w.org\/{rel}","templated":true}]}}